{"id":23100,"date":"2025-01-08T10:50:50","date_gmt":"2025-01-08T10:50:50","guid":{"rendered":"https:\/\/larralarrau.com\/aviso-legal\/"},"modified":"2025-03-14T08:59:52","modified_gmt":"2025-03-14T08:59:52","slug":"lege-oharra","status":"publish","type":"page","link":"https:\/\/larralarrau.com\/eu\/lege-oharra\/","title":{"rendered":"Lege oharra"},"content":{"rendered":"\t\t<div data-elementor-type=\"wp-page\" data-elementor-id=\"23100\" class=\"elementor elementor-23100\" data-elementor-post-type=\"page\">\n\t\t\t\t<div class=\"elementor-element elementor-element-1f720a30 e-con-full e-flex e-con e-child\" data-id=\"1f720a30\" data-element_type=\"container\" data-settings=\"{&quot;background_background&quot;:&quot;classic&quot;}\">\n\t\t<div class=\"elementor-element elementor-element-4c896059 e-flex e-con-boxed e-con e-child\" data-id=\"4c896059\" data-element_type=\"container\" data-settings=\"{&quot;background_background&quot;:&quot;classic&quot;}\">\n\t\t\t\t\t<div class=\"e-con-inner\">\n\t\t\t\t<div class=\"elementor-element elementor-element-2e85d635 elementor-widget elementor-widget-spacer\" data-id=\"2e85d635\" data-element_type=\"widget\" data-widget_type=\"spacer.default\">\n\t\t\t\t<div class=\"elementor-widget-container\">\n\t\t\t\t\t\t\t<div class=\"elementor-spacer\">\n\t\t\t<div class=\"elementor-spacer-inner\"><\/div>\n\t\t<\/div>\n\t\t\t\t\t\t<\/div>\n\t\t\t\t<\/div>\n\t\t\t\t<div class=\"elementor-element elementor-element-75d8dc5b elementor-invisible elementor-widget elementor-widget-the7-heading\" data-id=\"75d8dc5b\" data-element_type=\"widget\" data-settings=\"{&quot;_animation&quot;:&quot;fadeInLeft&quot;}\" data-widget_type=\"the7-heading.default\">\n\t\t\t\t<div class=\"elementor-widget-container\">\n\t\t\t\t\t<h2 class=\"the7-heading-title elementor-size-default\">Aviso legal<\/h2>\t\t\t\t<\/div>\n\t\t\t\t<\/div>\n\t\t\t\t<div class=\"elementor-element elementor-element-3d5d8287 elementor-widget elementor-widget-spacer\" data-id=\"3d5d8287\" data-element_type=\"widget\" data-widget_type=\"spacer.default\">\n\t\t\t\t<div class=\"elementor-widget-container\">\n\t\t\t\t\t\t\t<div class=\"elementor-spacer\">\n\t\t\t<div class=\"elementor-spacer-inner\"><\/div>\n\t\t<\/div>\n\t\t\t\t\t\t<\/div>\n\t\t\t\t<\/div>\n\t\t\t\t\t<\/div>\n\t\t\t\t<\/div>\n\t\t\t\t<\/div>\n\t\t<div class=\"elementor-element elementor-element-17ef673d e-con-full e-flex e-con e-child\" data-id=\"17ef673d\" data-element_type=\"container\" data-settings=\"{&quot;background_background&quot;:&quot;classic&quot;}\">\n\t\t<div class=\"elementor-element elementor-element-1c9ca52 e-flex e-con-boxed e-con e-child\" data-id=\"1c9ca52\" data-element_type=\"container\">\n\t\t\t\t\t<div class=\"e-con-inner\">\n\t\t\t\t<div class=\"elementor-element elementor-element-4f28278 elementor-widget elementor-widget-text-editor\" data-id=\"4f28278\" data-element_type=\"widget\" data-widget_type=\"text-editor.default\">\n\t\t\t\t<div class=\"elementor-widget-container\">\n\t\t\t\t\t\t\t\t\t<h3><strong>T\u00e9rminos generales de uso de www.larralarrau.com<\/strong><\/h3><p>El acceso a los contenidos de las secciones de nuestra Web, se har\u00e1 de acuerdo a la pol\u00edtica que establezca Navarra Impulsa Cultura, Deporte y Ocio, S.L. (en adelante NICDO). Asimismo la entidad, podr\u00e1 modificar, en cualquier momento y sin previo aviso, la informaci\u00f3n contenida en el sitio Web, por lo que la entidad no se responsabiliza de que esa informaci\u00f3n est\u00e9 actualizada.<\/p><h3><strong>Responsabilidad de NICDO<\/strong><\/h3><p>Tanto el acceso a esta Web como el uso que pueda hacerse de la informaci\u00f3n contenida en el mismo es de la exclusiva responsabilidad de quien lo realiza.<\/p><p>NICDO no responder\u00e1 de ninguna consecuencia, da\u00f1o o perjuicio que pudieran derivarse de dicho acceso o uso de la informaci\u00f3n. NICDO, no se hace responsable de los posibles errores de seguridad que se puedan producir ni de los posibles da\u00f1os que puedan causarse al sistema inform\u00e1tico del usuario (hardware y software), los ficheros o documentos almacenados en el mismo, como consecuencia de la presencia de malware en el ordenador del usuario utilizado para la conexi\u00f3n a los servicios y contenidos de la Web, de un mal funcionamiento del navegador o del uso de versiones no actualizadas del mismo.<\/p><p>Por tanto el usuario acepta, de forma expresa y sin reservas, que el acceso y la utilizaci\u00f3n del portal, se hace bajo su \u00fanica y exclusiva responsabilidad.<\/p><p>En virtud de la Ley 34\/2002 de 11 de julio de Servicios de la Sociedad de la Informaci\u00f3n y Comercio Electr\u00f3nico, para cualquier controversia que pudiera surgir ser\u00e1 de aplicaci\u00f3n la legislaci\u00f3n espa\u00f1ola. El usuario responder\u00e1, en cualquier caso, de la veracidad de los datos facilitados, reserv\u00e1ndose NICDO el derecho a excluir de los servicios registrados a todo usuario que haya facilitado datos falsos, sin prejuicio de las dem\u00e1s acciones que procedan en Derecho.<\/p><h3><strong>Propiedad intelectual<\/strong><\/h3><p>NICDO es propietario y\/o licenciatario, de toda la informaci\u00f3n contenida en este portal, de su dise\u00f1o gr\u00e1fico, im\u00e1genes, bases de datos, \u00edndices, c\u00f3digos fuentes, marcas y logotipos, estando protegidos conforme a lo dispuesto en la Ley de Propiedad Intelectual, y, en la Ley de Marcas.<\/p><p>Su puesta a disposici\u00f3n y uso, no supone, en ning\u00fan caso, la cesi\u00f3n de su titularidad o la concesi\u00f3n de un derecho de uso a favor del Usuario, por lo que toda reproducci\u00f3n, copia, distribuci\u00f3n total o parcial, o, comercializaci\u00f3n, requerir\u00e1 la autorizaci\u00f3n previa y escrita de NICDO, reserv\u00e1ndose la entidad, en caso de uso indebido del Website, el derecho a ejercitar cuantas acciones legales fueran precisas para la restituci\u00f3n de los da\u00f1os y perjuicios causados, asimismo el usuario se obliga a indemnizar a la entidad por cualquier da\u00f1o o perjuicio que pudiera ocasionar por el uso de esta Web, infringiendo estas condiciones generales y\/o la legalidad vigente.<\/p><h3><strong>Links, banners<\/strong><\/h3><p>La inclusi\u00f3n en el portal www.larralarrau.com de links o enlaces con otros portales, tiene una finalidad meramente informativa, y no supone que NICDO recomiende y\/o garantice dichos portales, sobre los que no ejerce control alguno, ni es responsable del contenido de los mismos.<\/p><h3><strong>Navarra Impulsa Cultura, Deporte y Ocio, S.L.<\/strong><\/h3><ul><li style=\"list-style-type: none;\"><ul><li><strong>NIF<\/strong>: B31931959<\/li><li><strong>Direcci\u00f3n<\/strong>: Plaza de la Constituci\u00f3n s\/n. 31002 Pamplona (Navarra)<\/li><li><strong>e-mail:<\/strong>\u00a0<a href=\"mailto:nicdo@nicdo.es\">nicdo@nicdo.es<\/a><\/li><li>Inscrita en el Registro Mercantil de Navarra, Tomo 1.356, Folio 212, Hoja NA-26.983<\/li><\/ul><\/li><\/ul>\t\t\t\t\t\t\t\t<\/div>\n\t\t\t\t<\/div>\n\t\t\t\t\t<\/div>\n\t\t\t\t<\/div>\n\t\t<div class=\"elementor-element elementor-element-19712bbd e-flex e-con-boxed e-con e-child\" data-id=\"19712bbd\" data-element_type=\"container\">\n\t\t\t\t\t<div class=\"e-con-inner\">\n\t\t\t\t\t<\/div>\n\t\t\t\t<\/div>\n\t\t\t\t<\/div>\n\t\t\t\t<\/div>\n\t\t","protected":false},"excerpt":{"rendered":"<p>Aviso legal T\u00e9rminos generales de uso de www.larralarrau.com El acceso a los contenidos de las secciones de nuestra Web, se har\u00e1 de acuerdo a la pol\u00edtica que establezca Navarra Impulsa Cultura, Deporte y Ocio, S.L. (en adelante NICDO). Asimismo la entidad, podr\u00e1 modificar, en cualquier momento y sin previo aviso, la informaci\u00f3n contenida en el&hellip;<\/p>\n","protected":false},"author":1,"featured_media":0,"parent":0,"menu_order":44,"comment_status":"closed","ping_status":"closed","template":"elementor_header_footer","meta":{"_acf_changed":false,"footnotes":""},"class_list":["post-23100","page","type-page","status-publish","hentry"],"acf":[],"_links":{"self":[{"href":"https:\/\/larralarrau.com\/eu\/wp-json\/wp\/v2\/pages\/23100","targetHints":{"allow":["GET"]}}],"collection":[{"href":"https:\/\/larralarrau.com\/eu\/wp-json\/wp\/v2\/pages"}],"about":[{"href":"https:\/\/larralarrau.com\/eu\/wp-json\/wp\/v2\/types\/page"}],"author":[{"embeddable":true,"href":"https:\/\/larralarrau.com\/eu\/wp-json\/wp\/v2\/users\/1"}],"replies":[{"embeddable":true,"href":"https:\/\/larralarrau.com\/eu\/wp-json\/wp\/v2\/comments?post=23100"}],"version-history":[{"count":1,"href":"https:\/\/larralarrau.com\/eu\/wp-json\/wp\/v2\/pages\/23100\/revisions"}],"predecessor-version":[{"id":23101,"href":"https:\/\/larralarrau.com\/eu\/wp-json\/wp\/v2\/pages\/23100\/revisions\/23101"}],"wp:attachment":[{"href":"https:\/\/larralarrau.com\/eu\/wp-json\/wp\/v2\/media?parent=23100"}],"curies":[{"name":"wp","href":"https:\/\/api.w.org\/{rel}","templated":true}]}}