{"id":23104,"date":"2025-01-09T16:04:46","date_gmt":"2025-01-09T16:04:46","guid":{"rendered":"https:\/\/larralarrau.com\/politica-de-privacidad\/"},"modified":"2025-03-14T09:01:15","modified_gmt":"2025-03-14T09:01:15","slug":"pribatutasun-politika","status":"publish","type":"page","link":"https:\/\/larralarrau.com\/eu\/pribatutasun-politika\/","title":{"rendered":"Pribatutasun-politika"},"content":{"rendered":"\t\t<div data-elementor-type=\"wp-page\" data-elementor-id=\"23104\" class=\"elementor elementor-23104 elementor-20504\" data-elementor-post-type=\"page\">\n\t\t\t\t<div class=\"elementor-element elementor-element-1f720a30 e-con-full e-flex e-con e-child\" data-id=\"1f720a30\" data-element_type=\"container\" data-settings=\"{&quot;background_background&quot;:&quot;classic&quot;}\">\n\t\t<div class=\"elementor-element elementor-element-4c896059 e-flex e-con-boxed e-con e-child\" data-id=\"4c896059\" data-element_type=\"container\" data-settings=\"{&quot;background_background&quot;:&quot;classic&quot;}\">\n\t\t\t\t\t<div class=\"e-con-inner\">\n\t\t\t\t<div class=\"elementor-element elementor-element-2e85d635 elementor-widget elementor-widget-spacer\" data-id=\"2e85d635\" data-element_type=\"widget\" data-widget_type=\"spacer.default\">\n\t\t\t\t<div class=\"elementor-widget-container\">\n\t\t\t\t\t\t\t<div class=\"elementor-spacer\">\n\t\t\t<div class=\"elementor-spacer-inner\"><\/div>\n\t\t<\/div>\n\t\t\t\t\t\t<\/div>\n\t\t\t\t<\/div>\n\t\t\t\t<div class=\"elementor-element elementor-element-75d8dc5b elementor-invisible elementor-widget elementor-widget-the7-heading\" data-id=\"75d8dc5b\" data-element_type=\"widget\" data-settings=\"{&quot;_animation&quot;:&quot;fadeInLeft&quot;}\" data-widget_type=\"the7-heading.default\">\n\t\t\t\t<div class=\"elementor-widget-container\">\n\t\t\t\t\t<h2 class=\"the7-heading-title elementor-size-default\">Pol\u00edtica de privacidad<\/h2>\t\t\t\t<\/div>\n\t\t\t\t<\/div>\n\t\t\t\t<div class=\"elementor-element elementor-element-3d5d8287 elementor-widget elementor-widget-spacer\" data-id=\"3d5d8287\" data-element_type=\"widget\" data-widget_type=\"spacer.default\">\n\t\t\t\t<div class=\"elementor-widget-container\">\n\t\t\t\t\t\t\t<div class=\"elementor-spacer\">\n\t\t\t<div class=\"elementor-spacer-inner\"><\/div>\n\t\t<\/div>\n\t\t\t\t\t\t<\/div>\n\t\t\t\t<\/div>\n\t\t\t\t\t<\/div>\n\t\t\t\t<\/div>\n\t\t\t\t<\/div>\n\t\t<div class=\"elementor-element elementor-element-17ef673d e-con-full e-flex e-con e-child\" data-id=\"17ef673d\" data-element_type=\"container\" data-settings=\"{&quot;background_background&quot;:&quot;classic&quot;}\">\n\t\t<div class=\"elementor-element elementor-element-1c9ca52 e-flex e-con-boxed e-con e-child\" data-id=\"1c9ca52\" data-element_type=\"container\">\n\t\t\t\t\t<div class=\"e-con-inner\">\n\t\t\t\t<div class=\"elementor-element elementor-element-4f28278 elementor-widget elementor-widget-text-editor\" data-id=\"4f28278\" data-element_type=\"widget\" data-widget_type=\"text-editor.default\">\n\t\t\t\t<div class=\"elementor-widget-container\">\n\t\t\t\t\t\t\t\t\t<h4><strong>POL\u00cdTICA DE PRIVACIDAD Y PROTECCI\u00d3N DE DATOS DE CAR\u00c1CTER PERSONAL<\/strong><\/h4><h4><strong>TRATAMIENTO DE DATOS PERSONALES A TRAV\u00c9S DE LA P\u00c1GINA WEB<\/strong><\/h4><p>En cumplimiento de lo establecido en la normativa aplicable de Protecci\u00f3n de Datos, le informamos que los datos que ser\u00e1n tratados como Responsable por NAVARRA IMPULSA CULTURA, DEPORTE Y OCIO, S.L. (en adelante NICDO), cuya finalidad del tratamiento es la prestaci\u00f3n del servicio que el usuario solicite a trav\u00e9s de los diversos formularios \u00a0que consten en el presente portal web y para ello necesitamos que marque la casilla habilitada que indica la aceptaci\u00f3n de esta pol\u00edtica, de tal manera que si no lo hace no tendremos su consentimiento expreso y por ello no podremos dar respuesta a su solicitud.<\/p><p>Para la correcta prestaci\u00f3n de los servicios ofrecidos por NICDO, es preciso que el usuario conteste a todas y cada una de las preguntas que aparecen en los formularios presentes en nuestro sitio web. Asimismo, el usuario declara que es mayor de edad.<\/p><p>El tratamiento de los datos de car\u00e1cter personal solicitados tendr\u00e1n adem\u00e1s como finalidad del tratamiento el env\u00edo de informaci\u00f3n comercial relativa a productos y servicios ofrecidos actualmente y en el futuro por NICDO; esa informaci\u00f3n incluye comunicaciones publicitarias y promocionales, a trav\u00e9s de correo postal, fax, correo electr\u00f3nico o\u00a0 cualquier otro medio. Para realizar este tratamiento es necesario que el usuario marque la casilla habilitada al efecto en el formulario de la p\u00e1gina web.<\/p><p>Dado el car\u00e1cter personal de los datos facilitados, NICDO se compromete a tratarlos con estricta confidencialidad guardando el secreto debido, a este efecto, la entidad ha implantado las medidas de seguridad adecuadas conforme el an\u00e1lisis de riesgos realizado.<\/p><p>Le informamos que no se ceder\u00e1n sus datos a terceros ni se realizar\u00e1n transferencias internacionales de datos, salvo obligaci\u00f3n legal o cesi\u00f3n necesaria \u00fanica y exclusivamente cuando sea necesario para la prestaci\u00f3n del servicio solicitado, en cuyo caso se solicitar\u00e1 el consentimiento para ello.<\/p><h4><strong>DERECHOS<\/strong><\/h4><p>Los datos recabados y tratados se conservar\u00e1n por un plazo de tiempo limitado, dicho plazo ser\u00e1 el necesario para cumplir las obligaciones legales impuestas a NICDO por las diferentes normativas aplicables.<\/p><p>El usuario como interesado puede ejercer en todo momento los siguientes derechos en la direcci\u00f3n indicada en el Aviso Legal:<\/p><ul><li style=\"list-style-type: none;\"><ul><li><strong>Derecho de acceso<\/strong>: el interesado podr\u00e1 solicitar al Responsable los datos tratados y en caso afirmativo qu\u00e9 datos personales concretos son tratados.<\/li><li><strong>Derecho de rectificaci\u00f3n<\/strong>: el interesado podr\u00e1 solicitar al Responsable la correcci\u00f3n de sus datos personales en caso de no ser exactos.<\/li><li><strong>Derecho de supresi\u00f3n<\/strong>: el interesado podr\u00e1 solicitar al Responsable el borrado de sus datos personales.<\/li><li><strong>Derecho de oposici\u00f3n<\/strong>: el interesado podr\u00e1 oponerse a que el Responsable realice un tratamiento de sus datos personales.<\/li><li><strong>Derecho a la limitaci\u00f3n del tratamiento<\/strong>: el interesado podr\u00e1 solicitar al Responsable que temporalmente no trate sus datos personales en unos supuestos concretos.<\/li><li><strong>Derecho a la portabilidad<\/strong>: el interesado podr\u00e1 solicitar al Responsable sus datos automatizados en un formato estructurado de f\u00e1cil acceso y manejo.<\/li><\/ul><\/li><\/ul><p>M\u00e1s informaci\u00f3n sobre sus derechos en\u00a0<a href=\"http:\/\/www.agpd.es\/\">www.agpd.es<\/a>.<\/p><p>Asimismo, tiene derecho a presentar una reclamaci\u00f3n ante la Agencia Espa\u00f1ola de Protecci\u00f3n de Datos.<\/p><h4><strong>COOKIES<\/strong><\/h4><p>Acuda a nuestra\u00a0<a href=\"https:\/\/www.baluarte.com\/cas\/politica-de-cookies\">Pol\u00edtica de Cookies<\/a>\u00a0para obtener una informaci\u00f3n detallada al respecto.<\/p><p><strong>INFORMACI\u00d3N\u00a0 COMPLETA SOBRE EL TRATAMIENTO DE DATOS PERSONALES<\/strong><\/p><p><strong>RESPONSABLE DEL TRATAMIENTO<\/strong><\/p><p><strong>\u00bfQui\u00e9n es el responsable del tratamiento de sus datos?<\/strong><\/p><ul><li>Identidad: NAVARRA IMPULSA CULTURA, DEPORTE Y OCIO, S.L.<\/li><li>Direcci\u00f3n postal: Plaza de la Constituci\u00f3n s\/n, 31002, Pamplona (Navarra)<\/li><li>Correo electr\u00f3nico:\u00a0<a href=\"mailto:nicdo@nicdo.es\">nicdo@nicdo.es<\/a><\/li><\/ul><p><strong>FINALIDAD DEL TRATAMIENTO<\/strong><\/p><p><strong>\u00bfCon qu\u00e9 finalidad tratamos sus datos personales?<\/strong><\/p><p>En NICDO tratamos la informaci\u00f3n que nos facilitan las personas interesadas con los siguientes fines:<\/p><ul><li style=\"list-style-type: none;\"><ul><li>Gesti\u00f3n y administraci\u00f3n de la relaci\u00f3n contractual establecida con\u00a0<strong>proveedores, clientes y empleados<\/strong>.<\/li><li>Gestionar el\u00a0<strong>registro horario de los empleados<\/strong>\u00a0de la entidad.<\/li><li>Facilitar a los interesados\u00a0<strong>informaci\u00f3n comercial<\/strong>\u00a0sobre productos y servicios que pudieran ser de su inter\u00e9s.<\/li><li><strong>Videovigilancia<\/strong>\u00a0de las instalaciones en el caso de que Usted acceda a nuestras instalaciones dotadas de c\u00e1maras de seguridad.<\/li><li>Dar respuesta a sus consultas y cuestiones en el caso de que Usted nos formule alguna pregunta a trav\u00e9s de la\u00a0<strong>p\u00e1gina web<\/strong>.<\/li><li>Evaluar su candidatura ante una futura vacante para un puesto de trabajo, en caso de habernos facilitado su\u00a0<strong>cv<\/strong>.<\/li><li>Gestionar las\u00a0<strong>actividades<\/strong>\u00a0organizadas por la entidad.<\/li><\/ul><\/li><\/ul><p><strong>\u00bfCu\u00e1nto tiempo conservaremos sus datos?<\/strong><\/p><p>Los datos personales proporcionados se conservar\u00e1n:<\/p><ul><li style=\"list-style-type: none;\"><ul><li>Mientras se mantenga la relaci\u00f3n mercantil.<\/li><li>No se solicite su supresi\u00f3n por el interesado.<\/li><li>La informaci\u00f3n que por imperativo legal deba conservarse un tiempo espec\u00edfico no se eliminar\u00e1 hasta que transcurra el tiempo indicado en la ley.<\/li><\/ul><\/li><\/ul><h4><strong>LEGITIMACI\u00d3N DEL TRATAMIENTO<\/strong><\/h4><p><strong>\u00bfCu\u00e1l es la legitimaci\u00f3n para el tratamiento de sus datos?<\/strong><\/p><p>La base legal para el tratamiento de sus datos es la siguiente:<\/p><ul><li style=\"list-style-type: none;\"><ul><li>Ejecuci\u00f3n del contrato en el caso de que Usted sea empleado cliente, proveedor o compre entradas para los espect\u00e1culos y\/o actividades ofertados por NICDO a trav\u00e9s de sus p\u00e1ginas web.<\/li><li>Obligaci\u00f3n legal a la hora de registrar el control horario del empleado.<\/li><li>Inter\u00e9s p\u00fablico en el caso de que haya sido grabado por las c\u00e1maras de videovigilancia.<\/li><li>Consentimiento del interesado prestado en la p\u00e1gina web en el caso de que usted realice alguna petici\u00f3n o consulta en nuestro formulario de contacto o bien se suscriba a la newsletter o blog. Redes sociales imagen.<\/li><li>Ejecuci\u00f3n de medidas precontratuales en el caso de que haya enviado su CV.<\/li><li>Inter\u00e9s leg\u00edtimo a la hora de realizar env\u00edos publicitarios.<\/li><\/ul><\/li><\/ul><h4><strong>DESTINATARIOS DE LOS DATOS SUMINISTRADOS<\/strong><\/h4><p><strong>\u00bfA qu\u00e9 destinatarios se comunicar\u00e1n sus datos?<\/strong><\/p><ul><li style=\"list-style-type: none;\"><ul><li>Los datos se comunicar\u00e1n por requisito legal a:<ul><li>Organismos de la seguridad social (En el caso de los empleados)<\/li><li>Administraci\u00f3n tributaria (En el caso de empleados, proveedores y clientes)<\/li><li>Otros \u00f3rganos de la administraci\u00f3n p\u00fablica (En el caso de empleados, proveedores y clientes)<\/li><li>Fuerzas y cuerpos de seguridad (En el caso de videovigilancia)<\/li><li>Entidades aseguradoras (caso de empleados)<\/li><\/ul><\/li><li>Los datos se comunicar\u00e1n por requisito contractual a:<ul><li>Bancos, cajas de ahorros, y cajas rurales<\/li><\/ul><\/li><li>Los datos (IMAGENES) de TRABAJADORES\/CLIENTES\/EVENTOS\/FORMACIONES se comunicar\u00e1n a las siguientes Redes sociales (previo consentimiento del afectado):<ul><li>Facebook<\/li><li>Twitter<\/li><li>Instagram<\/li><li>Youtube<\/li><\/ul><\/li><\/ul><\/li><\/ul><p><strong>* Las cesiones descritas en el presente apartado c) conllevan una transferencia internacional de datos a EEUU, para las cuales el afectado ha otorgado su consentimiento.<\/strong><\/p><h4><strong>DERECHOS DE LOS INTERESADOS<\/strong><\/h4><p><strong>\u00bfCu\u00e1les son sus derechos?<\/strong><\/p><p>Cualquier persona tiene derecho a obtener confirmaci\u00f3n sobre si en NICDO estamos tratando datos personales que les conciernan, o no.<\/p><ul><li style=\"list-style-type: none;\"><ul><li>Derecho de acceso: el interesado podr\u00e1 solicitar al Responsable los datos tratados y en caso afirmativo qu\u00e9 datos personales concretos son tratados.<\/li><li>Derecho de rectificaci\u00f3n: el interesado podr\u00e1 solicitar al Responsable la correcci\u00f3n de sus datos personales en caso de no ser exactos.<\/li><li>Derecho de supresi\u00f3n: el interesado podr\u00e1 solicitar al Responsable el borrado de sus datos personales cuando, entre otros motivos, los datos ya no sean necesarios para los fines para los que fueron recogidos.<\/li><li>Derecho de oposici\u00f3n: el interesado podr\u00e1 oponerse a que el Responsable realice un tratamiento de sus datos personales.<\/li><li>Derecho a la limitaci\u00f3n del tratamiento: el interesado podr\u00e1 solicitar al Responsable que temporalmente no trate sus datos personales en unos supuestos concretos.<\/li><li>Derecho a la portabilidad: el interesado podr\u00e1 solicitar al Responsable sus datos automatizados en un formato estructurado de f\u00e1cil acceso y manejo.<\/li><\/ul><\/li><\/ul><p><strong>\u00bfC\u00f3mo se pueden ejercer los derechos?<\/strong><\/p><p>Mediante un escrito dirigido a NICDO, Plaza de la Constituci\u00f3n s\/n, 31002, Pamplona (Navarra).<\/p><p><strong>\u00bfQu\u00e9 v\u00edas de reclamaci\u00f3n existen?<\/strong><\/p><p>Si considera que sus derechos no se han atendido debidamente, tiene derecho a presentar una reclamaci\u00f3n ante la Agencia Espa\u00f1ola de Protecci\u00f3n de Datos, C\/ Jorge Juan, 6. 28001 \u2013 Madrid.<\/p>\t\t\t\t\t\t\t\t<\/div>\n\t\t\t\t<\/div>\n\t\t\t\t\t<\/div>\n\t\t\t\t<\/div>\n\t\t<div class=\"elementor-element elementor-element-19712bbd e-flex e-con-boxed e-con e-child\" data-id=\"19712bbd\" data-element_type=\"container\">\n\t\t\t\t\t<div class=\"e-con-inner\">\n\t\t\t\t\t<\/div>\n\t\t\t\t<\/div>\n\t\t\t\t<\/div>\n\t\t\t\t<\/div>\n\t\t","protected":false},"excerpt":{"rendered":"<p>Pol\u00edtica de privacidad POL\u00cdTICA DE PRIVACIDAD Y PROTECCI\u00d3N DE DATOS DE CAR\u00c1CTER PERSONAL TRATAMIENTO DE DATOS PERSONALES A TRAV\u00c9S DE LA P\u00c1GINA WEB En cumplimiento de lo establecido en la normativa aplicable de Protecci\u00f3n de Datos, le informamos que los datos que ser\u00e1n tratados como Responsable por NAVARRA IMPULSA CULTURA, DEPORTE Y OCIO, S.L. (en&hellip;<\/p>\n","protected":false},"author":1,"featured_media":0,"parent":0,"menu_order":44,"comment_status":"closed","ping_status":"closed","template":"elementor_header_footer","meta":{"_acf_changed":false,"footnotes":""},"class_list":["post-23104","page","type-page","status-publish","hentry"],"acf":[],"_links":{"self":[{"href":"https:\/\/larralarrau.com\/eu\/wp-json\/wp\/v2\/pages\/23104","targetHints":{"allow":["GET"]}}],"collection":[{"href":"https:\/\/larralarrau.com\/eu\/wp-json\/wp\/v2\/pages"}],"about":[{"href":"https:\/\/larralarrau.com\/eu\/wp-json\/wp\/v2\/types\/page"}],"author":[{"embeddable":true,"href":"https:\/\/larralarrau.com\/eu\/wp-json\/wp\/v2\/users\/1"}],"replies":[{"embeddable":true,"href":"https:\/\/larralarrau.com\/eu\/wp-json\/wp\/v2\/comments?post=23104"}],"version-history":[{"count":1,"href":"https:\/\/larralarrau.com\/eu\/wp-json\/wp\/v2\/pages\/23104\/revisions"}],"predecessor-version":[{"id":23105,"href":"https:\/\/larralarrau.com\/eu\/wp-json\/wp\/v2\/pages\/23104\/revisions\/23105"}],"wp:attachment":[{"href":"https:\/\/larralarrau.com\/eu\/wp-json\/wp\/v2\/media?parent=23104"}],"curies":[{"name":"wp","href":"https:\/\/api.w.org\/{rel}","templated":true}]}}