{"id":23106,"date":"2025-01-09T16:10:17","date_gmt":"2025-01-09T16:10:17","guid":{"rendered":"https:\/\/larralarrau.com\/politica-de-cookies\/"},"modified":"2025-03-14T09:02:02","modified_gmt":"2025-03-14T09:02:02","slug":"politique-de-cookies","status":"publish","type":"page","link":"https:\/\/larralarrau.com\/fr\/politique-de-cookies\/","title":{"rendered":"Politique de cookies"},"content":{"rendered":"\t\t<div data-elementor-type=\"wp-page\" data-elementor-id=\"23106\" class=\"elementor elementor-23106 elementor-20515\" data-elementor-post-type=\"page\">\n\t\t\t\t<div class=\"elementor-element elementor-element-1f720a30 e-con-full e-flex e-con e-child\" data-id=\"1f720a30\" data-element_type=\"container\" data-settings=\"{&quot;background_background&quot;:&quot;classic&quot;}\">\n\t\t<div class=\"elementor-element elementor-element-4c896059 e-flex e-con-boxed e-con e-child\" data-id=\"4c896059\" data-element_type=\"container\" data-settings=\"{&quot;background_background&quot;:&quot;classic&quot;}\">\n\t\t\t\t\t<div class=\"e-con-inner\">\n\t\t\t\t<div class=\"elementor-element elementor-element-2e85d635 elementor-widget elementor-widget-spacer\" data-id=\"2e85d635\" data-element_type=\"widget\" data-widget_type=\"spacer.default\">\n\t\t\t\t<div class=\"elementor-widget-container\">\n\t\t\t\t\t\t\t<div class=\"elementor-spacer\">\n\t\t\t<div class=\"elementor-spacer-inner\"><\/div>\n\t\t<\/div>\n\t\t\t\t\t\t<\/div>\n\t\t\t\t<\/div>\n\t\t\t\t<div class=\"elementor-element elementor-element-75d8dc5b elementor-invisible elementor-widget elementor-widget-the7-heading\" data-id=\"75d8dc5b\" data-element_type=\"widget\" data-settings=\"{&quot;_animation&quot;:&quot;fadeInLeft&quot;}\" data-widget_type=\"the7-heading.default\">\n\t\t\t\t<div class=\"elementor-widget-container\">\n\t\t\t\t\t<h2 class=\"the7-heading-title elementor-size-default\">Pol\u00edtica de cookies<\/h2>\t\t\t\t<\/div>\n\t\t\t\t<\/div>\n\t\t\t\t<div class=\"elementor-element elementor-element-3d5d8287 elementor-widget elementor-widget-spacer\" data-id=\"3d5d8287\" data-element_type=\"widget\" data-widget_type=\"spacer.default\">\n\t\t\t\t<div class=\"elementor-widget-container\">\n\t\t\t\t\t\t\t<div class=\"elementor-spacer\">\n\t\t\t<div class=\"elementor-spacer-inner\"><\/div>\n\t\t<\/div>\n\t\t\t\t\t\t<\/div>\n\t\t\t\t<\/div>\n\t\t\t\t\t<\/div>\n\t\t\t\t<\/div>\n\t\t\t\t<\/div>\n\t\t<div class=\"elementor-element elementor-element-17ef673d e-con-full e-flex e-con e-child\" data-id=\"17ef673d\" data-element_type=\"container\" data-settings=\"{&quot;background_background&quot;:&quot;classic&quot;}\">\n\t\t<div class=\"elementor-element elementor-element-1c9ca52 e-flex e-con-boxed e-con e-child\" data-id=\"1c9ca52\" data-element_type=\"container\">\n\t\t\t\t\t<div class=\"e-con-inner\">\n\t\t\t\t<div class=\"elementor-element elementor-element-4f28278 elementor-widget elementor-widget-text-editor\" data-id=\"4f28278\" data-element_type=\"widget\" data-widget_type=\"text-editor.default\">\n\t\t\t\t<div class=\"elementor-widget-container\">\n\t\t\t\t\t\t\t\t\t<h3><strong>POL\u00cdTICA DE COOKIES<\/strong><\/h3><p>A trav\u00e9s de esta pol\u00edtica, NAVARRA DE INFRAESTRUCTURAS DE CULTURA, DEPORTE Y OCIO S.L., como responsable del dominio www.larralarrau.com ofrecemos al usuario de la p\u00e1gina informaci\u00f3n acerca del tratamiento de sus datos que realizamos a trav\u00e9s del uso de \u201ccookies\u201d y\/o tecnolog\u00edas similares.<\/p><h3><strong>\u00bfQu\u00e9 es una Cookie?<\/strong><\/h3><p>Este sitio web utiliza cookies y\/o tecnolog\u00edas similares que almacenan y recuperan informaci\u00f3n cuando navegas. En general, estas tecnolog\u00edas pueden servir para finalidades muy diversas, como, por ejemplo, reconocerte como usuario, obtener informaci\u00f3n sobre tus h\u00e1bitos de navegaci\u00f3n, o personalizar la forma en que se muestra el contenido. Los usos concretos que hacemos de estas tecnolog\u00edas se describen a continuaci\u00f3n.<\/p><h3><strong>\u00bfQu\u00e9 tipos de cookies utilizamos?<\/strong><\/h3><p>En este sitio se utilizan los siguientes tipos de cookies:<\/p><ul><li style=\"list-style-type: none;\"><ul><li>Por propietario:<ul><li>Cookies Propias: son aquellas que se env\u00edan al equipo terminal del usuario desde un equipo o dominio gestionado por el propio editor y desde el que se presta el servicio solicitado por el usuario.<\/li><li>Cookies de Terceros: son aquellas que se env\u00edan al equipo terminal del usuario desde un equipo o dominio que no es gestionado por el editor, sino por otra entidad que trata los datos obtenidos trav\u00e9s de las cookies.<\/li><\/ul><\/li><li>Por finalidad:<ul><li>Cookies T\u00e9cnicas: son aquellas que permiten al usuario la navegaci\u00f3n a trav\u00e9s de una p\u00e1gina web, plataforma o aplicaci\u00f3n y la utilizaci\u00f3n de las diferentes opciones o servicios que en ella existan, incluyendo aquellas que el editor utiliza para permitir la gesti\u00f3n y operativa de la p\u00e1gina web y habilitar sus funciones y servicios.<\/li><li>Cookies Anal\u00edticas: son aquellas que permiten al responsable de las mismas el seguimiento y an\u00e1lisis del comportamiento de los usuarios de los sitios web a los que est\u00e1n vinculadas, incluida la cuantificaci\u00f3n de los impactos de los anuncios. La informaci\u00f3n recogida mediante este tipo de cookies se utiliza en la medici\u00f3n de la actividad de los sitios web, aplicaci\u00f3n o plataforma, con el fin de introducir mejoras en funci\u00f3n del an\u00e1lisis de los datos de uso que hacen los usuarios del servicio.<\/li><li>Cookies publicitarias: son aquellas que almacenan informaci\u00f3n del comportamiento de los usuarios obtenida a trav\u00e9s de la observaci\u00f3n continuada de sus h\u00e1bitos de navegaci\u00f3n, lo que permite desarrollar un perfil espec\u00edfico para mostrar publicidad en funci\u00f3n del mismo.<\/li><li>Cookies de personalizaci\u00f3n: son aquellas que permiten recordar informaci\u00f3n para que el usuario acceda al servicio con determinadas caracter\u00edsticas que pueden diferenciar su experiencia de la de otros usuarios, como, por ejemplo, el idioma.<\/li><\/ul><\/li><li>Por el tiempo que permanecen activas:<ul><li>Cookies de sesi\u00f3n: son aquellas dise\u00f1adas para recabar y almacenar datos mientras el usuario accede a una p\u00e1gina web. Se suelen emplear para almacenar informaci\u00f3n que solo interesa conservar para la prestaci\u00f3n del servicio solicitado por el usuario en una sola ocasi\u00f3n (por ejemplo, una lista de productos adquiridos) y desaparecen al terminar la sesi\u00f3n.<\/li><li>Cookies persistentes: son aquellas en las que los datos siguen almacenados en el terminal y pueden ser accedidos y tratados durante un periodo definido por el responsable de la cookie, y que puede ir de unos minutos a varios a\u00f1os.<\/li><\/ul><\/li><\/ul><\/li><\/ul><table><tbody><tr><td><p><strong>Nombre de la cookie<\/strong><\/p><\/td><td><p><strong>Tipo de Cookie<\/strong><\/p><\/td><td><p><strong>Finalidad<\/strong><\/p><\/td><td><p><strong>Entidad encargada<\/strong><\/p><\/td><td><p><strong>Tiempo de permanencia activada<\/strong><\/p><\/td><\/tr><tr><td><p>PHPSESSID<\/p><\/td><td><p>Necesaria<\/p><\/td><td><p>Conserva los estados de los usuarios en todas las peticiones de la p\u00e1gina.<\/p><\/td><td><p>larralarrau.com<\/p><\/td><td><p>Sesi\u00f3n<\/p><\/td><\/tr><tr><td><p>_dc_gtm_UA-#<\/p><\/td><td><p>Estad\u00edstica<\/p><\/td><td><p>Utilizado por Google Tag Manager para controlar la carga de una etiqueta de script de Google Analytics.<\/p><\/td><td><p>larralarrau.com<\/p><\/td><td><p>1 d\u00eda<\/p><\/td><\/tr><tr><td><p>_ga<\/p><\/td><td><p>Estad\u00edstica<\/p><\/td><td><p>Registra una identificaci\u00f3n \u00fanica que se utiliza para generar datos estad\u00edsticos acerca de c mo utiliza el visitante el sitio web.<\/p><\/td><td><p>larralarrau.com<\/p><\/td><td><p>1 d\u00eda<\/p><\/td><\/tr><tr><td><p>_gid<\/p><\/td><td><p>Estad\u00edstica<\/p><\/td><td><p>Registra una identificaci\u00f3n \u00fanica que se utiliza para generar datos estad\u00edsticos acerca de c mo utiliza el visitante el sitio web.<\/p><\/td><td><p>larralarrau.com<\/p><\/td><td><p>1 d\u00eda<\/p><\/td><\/tr><tr><td><p>collect<\/p><\/td><td><p>Estad\u00edstica<\/p><\/td><td><p>Se utiliza para enviar datos a Google Analytics sobre el dispositivo del visitante y su comportamiento. Rastrea al visitante a trav\u00e9s de dispositivos y canales de marketing.<\/p><\/td><td><p>google-analytics.com<\/p><\/td><td><p>Sesi\u00f3n<\/p><\/td><\/tr><tr><td><p>__atuvc<\/p><\/td><td><p>Marketing<\/p><\/td><td><p>Actualiza el contador de las funciones de compartir de forma social de un sitio web.<\/p><\/td><td><p>larralarrau.com<\/p><\/td><td><p>1 a\u00f1o<\/p><\/td><\/tr><tr><td><p>__atuvs<\/p><\/td><td><p>Marketing<\/p><\/td><td><p>Asegura que el contador actualizado se muestra al usuario si se comparte una p\u00e1gina con el servicio de compartir de forma social, AddThis.<\/p><\/td><td><p>larralarrau.com<\/p><\/td><td><p>1 d\u00eda<\/p><\/td><\/tr><tr><td><p>_fbp<\/p><\/td><td><p>Marketing<\/p><\/td><td><p>Utilizada por Facebook para proporcionar una serie de productos publicitarios como pujas en tiempo real de terceros anunciantes.<\/p><\/td><td><p>larralarrau.com<\/p><\/td><td><p>3 meses<\/p><\/td><\/tr><tr><td><p>ads\/ga-audiences<\/p><\/td><td><p>Marketing<\/p><\/td><td><p>Utilizada por Google AdWords para reconectar con visitantes que tienen posibilidades de convertirse en clientes, se basa en el comportamiento online del cliente a trav\u00e9s de las webs.<\/p><\/td><td><p>google.com<\/p><\/td><td><p>Sesi\u00f3n<\/p><\/td><\/tr><tr><td><p>loc<\/p><\/td><td><p>Marketing<\/p><\/td><td><p>Geolocalizaci\u00f3n, que se utiliza para ayudar a los proveedores a determinar d\u00f3nde est\u00e1n geogr\u00e1ficamente ubicados (a nivel de estado) los usuarios que comparten informaci\u00f3n entre s\u00ed.<\/p><\/td><td><p>addthis.com<\/p><\/td><td><p>1 a\u00f1o<\/p><\/td><\/tr><tr><td><p>uvc<\/p><\/td><td><p>Marketing<\/p><\/td><td><p>Detecta con qu\u00e9 frecuencia el servicio de compartir de forma social, AddThis, encuentra al mismo usuario.<\/p><\/td><td><p>addthis.com<\/p><\/td><td><p>1 a\u00f1o<\/p><\/td><\/tr><tr><td><p>xtc<\/p><\/td><td><p>Marketing<\/p><\/td><td><p>Registra el contenido compartido del usuario mediante medios sociales.<\/p><\/td><td><p>addthis.com<\/p><\/td><td><p>1 a\u00f1o<\/p><\/td><\/tr><\/tbody><\/table><p><strong>(*) Proveedores no ubicados en la Uni\u00f3n Europea ni en pa\u00edses con legislaci\u00f3n equivalente en materia de protecci\u00f3n de datos<\/strong><\/p><p>La informaci\u00f3n extra\u00edda a trav\u00e9s de estas cookies se almacena en servidores de Google\/Youtube\/Facebook, ubicados en EEUU, pa\u00eds en el cual su legislaci\u00f3n no garantiza un nivel adecuado de protecci\u00f3n de datos a criterio de las autoridades europeas. Al prestar su consentimiento al uso de estas cookies, usted consiente tambi\u00e9n la transferencia internacional de sus datos a la compa\u00f1\u00eda Google\/Youtube\/Facebook en Estados Unidos.<\/p><p>Igualmente, Google se encuentra adscrita a la herramienta Web Choices, desde la cual, puede deshabilitar el uso de sus cookies:\u00a0<a href=\"http:\/\/optout.aboutads.info\/\">http:\/\/optout.aboutads.info\/<\/a>.<\/p><h3><strong>\u00bfPuedo desactivarlas?<\/strong><\/h3><p>Vd. puede configurar su navegador para rechazar el almacenamiento de las cookies en su ordenador.<\/p><p>Para poder deshabilitar las cookies desde los navegadores puede encontrar informaci\u00f3n sobre c\u00f3mo hacerlo en el caso de que se use como navegador:<\/p><ul><li style=\"list-style-type: none;\"><ul><li>Firefox desde aqu\u00ed:\u00a0<a href=\"http:\/\/support.mozilla.org\/es\/kb\/habilitar-y-deshabilitar-cookies-que-los-sitios-we\">http:\/\/support.mozilla.org\/es\/kb\/habilitar-y-deshabilitar-cookies-que-los-sitios-we<\/a><\/li><li>Chrome desde aqu\u00ed:\u00a0<a href=\"http:\/\/support.google.com\/chrome\/bin\/answer.py?hl=es&amp;answer=95647\">http:\/\/support.google.com\/chrome\/bin\/answer.py?hl=es&amp;answer=95647<\/a><\/li><li>Explorer desde aqu\u00ed:\u00a0<a href=\"https:\/\/support.microsoft.com\/es-es\/help\/17442\/windows-internet-explorer-delete-manage-cookies\">https:\/\/support.microsoft.com\/es-es\/help\/17442\/windows-internet-explorer-delete-manage-cookies<\/a><\/li><li>Safari desde aqu\u00ed:\u00a0<a href=\"http:\/\/support.apple.com\/kb\/ph5042\">http:\/\/support.apple.com\/kb\/ph5042<\/a><\/li><li>Opera desde aqu\u00ed:\u00a0<a href=\"http:\/\/help.opera.com\/Windows\/11.50\/es-ES\/cookies.html\">http:\/\/help.opera.com\/Windows\/11.50\/es-ES\/cookies.html<\/a><\/li><\/ul><\/li><\/ul><h3><strong>M\u00e1s informaci\u00f3n<\/strong><\/h3><p>Por \u00faltimo, para obtener una informaci\u00f3n m\u00e1s exhaustiva acerca del tratamiento que NAVARRA DE INFRAESTRUCTURAS DE CULTURA, DEPORTE Y OCIO S.L. realiza de sus datos personales, sobre cu\u00e1les son sus derechos relacionados con la protecci\u00f3n de datos o sobre qu\u00e9 cesiones se llevan a cabo, puede consultar nuestra\u00a0pol\u00edtica de privacidad.<\/p>\t\t\t\t\t\t\t\t<\/div>\n\t\t\t\t<\/div>\n\t\t\t\t\t<\/div>\n\t\t\t\t<\/div>\n\t\t<div class=\"elementor-element elementor-element-19712bbd e-flex e-con-boxed e-con e-child\" data-id=\"19712bbd\" data-element_type=\"container\">\n\t\t\t\t\t<div class=\"e-con-inner\">\n\t\t\t\t\t<\/div>\n\t\t\t\t<\/div>\n\t\t\t\t<\/div>\n\t\t\t\t<\/div>\n\t\t","protected":false},"excerpt":{"rendered":"<p>Pol\u00edtica de cookies POL\u00cdTICA DE COOKIES A trav\u00e9s de esta pol\u00edtica, NAVARRA DE INFRAESTRUCTURAS DE CULTURA, DEPORTE Y OCIO S.L., como responsable del dominio www.larralarrau.com ofrecemos al usuario de la p\u00e1gina informaci\u00f3n acerca del tratamiento de sus datos que realizamos a trav\u00e9s del uso de \u201ccookies\u201d y\/o tecnolog\u00edas similares. \u00bfQu\u00e9 es una Cookie? Este sitio&hellip;<\/p>\n","protected":false},"author":1,"featured_media":0,"parent":0,"menu_order":44,"comment_status":"closed","ping_status":"closed","template":"elementor_header_footer","meta":{"_acf_changed":false,"footnotes":""},"class_list":["post-23106","page","type-page","status-publish","hentry"],"acf":[],"_links":{"self":[{"href":"https:\/\/larralarrau.com\/fr\/wp-json\/wp\/v2\/pages\/23106","targetHints":{"allow":["GET"]}}],"collection":[{"href":"https:\/\/larralarrau.com\/fr\/wp-json\/wp\/v2\/pages"}],"about":[{"href":"https:\/\/larralarrau.com\/fr\/wp-json\/wp\/v2\/types\/page"}],"author":[{"embeddable":true,"href":"https:\/\/larralarrau.com\/fr\/wp-json\/wp\/v2\/users\/1"}],"replies":[{"embeddable":true,"href":"https:\/\/larralarrau.com\/fr\/wp-json\/wp\/v2\/comments?post=23106"}],"version-history":[{"count":1,"href":"https:\/\/larralarrau.com\/fr\/wp-json\/wp\/v2\/pages\/23106\/revisions"}],"predecessor-version":[{"id":23107,"href":"https:\/\/larralarrau.com\/fr\/wp-json\/wp\/v2\/pages\/23106\/revisions\/23107"}],"wp:attachment":[{"href":"https:\/\/larralarrau.com\/fr\/wp-json\/wp\/v2\/media?parent=23106"}],"curies":[{"name":"wp","href":"https:\/\/api.w.org\/{rel}","templated":true}]}}