{"id":23111,"date":"2025-01-09T16:15:29","date_gmt":"2025-01-09T16:15:29","guid":{"rendered":"https:\/\/larralarrau.com\/accesibilidad\/"},"modified":"2025-03-14T09:03:22","modified_gmt":"2025-03-14T09:03:22","slug":"accessibilite","status":"publish","type":"page","link":"https:\/\/larralarrau.com\/fr\/accessibilite\/","title":{"rendered":"Accessibilit\u00e9"},"content":{"rendered":"\t\t<div data-elementor-type=\"wp-page\" data-elementor-id=\"23111\" class=\"elementor elementor-23111 elementor-20524\" data-elementor-post-type=\"page\">\n\t\t\t\t<div class=\"elementor-element elementor-element-1f720a30 e-con-full e-flex e-con e-child\" data-id=\"1f720a30\" data-element_type=\"container\" data-settings=\"{&quot;background_background&quot;:&quot;classic&quot;}\">\n\t\t<div class=\"elementor-element elementor-element-4c896059 e-flex e-con-boxed e-con e-child\" data-id=\"4c896059\" data-element_type=\"container\" data-settings=\"{&quot;background_background&quot;:&quot;classic&quot;}\">\n\t\t\t\t\t<div class=\"e-con-inner\">\n\t\t\t\t<div class=\"elementor-element elementor-element-2e85d635 elementor-widget elementor-widget-spacer\" data-id=\"2e85d635\" data-element_type=\"widget\" data-widget_type=\"spacer.default\">\n\t\t\t\t<div class=\"elementor-widget-container\">\n\t\t\t\t\t\t\t<div class=\"elementor-spacer\">\n\t\t\t<div class=\"elementor-spacer-inner\"><\/div>\n\t\t<\/div>\n\t\t\t\t\t\t<\/div>\n\t\t\t\t<\/div>\n\t\t\t\t<div class=\"elementor-element elementor-element-75d8dc5b elementor-invisible elementor-widget elementor-widget-the7-heading\" data-id=\"75d8dc5b\" data-element_type=\"widget\" data-settings=\"{&quot;_animation&quot;:&quot;fadeInLeft&quot;}\" data-widget_type=\"the7-heading.default\">\n\t\t\t\t<div class=\"elementor-widget-container\">\n\t\t\t\t\t<h2 class=\"the7-heading-title elementor-size-default\">Accesibilidad<\/h2>\t\t\t\t<\/div>\n\t\t\t\t<\/div>\n\t\t\t\t<div class=\"elementor-element elementor-element-3d5d8287 elementor-widget elementor-widget-spacer\" data-id=\"3d5d8287\" data-element_type=\"widget\" data-widget_type=\"spacer.default\">\n\t\t\t\t<div class=\"elementor-widget-container\">\n\t\t\t\t\t\t\t<div class=\"elementor-spacer\">\n\t\t\t<div class=\"elementor-spacer-inner\"><\/div>\n\t\t<\/div>\n\t\t\t\t\t\t<\/div>\n\t\t\t\t<\/div>\n\t\t\t\t\t<\/div>\n\t\t\t\t<\/div>\n\t\t\t\t<\/div>\n\t\t<div class=\"elementor-element elementor-element-17ef673d e-con-full e-flex e-con e-child\" data-id=\"17ef673d\" data-element_type=\"container\" data-settings=\"{&quot;background_background&quot;:&quot;classic&quot;}\">\n\t\t<div class=\"elementor-element elementor-element-1c9ca52 e-flex e-con-boxed e-con e-child\" data-id=\"1c9ca52\" data-element_type=\"container\">\n\t\t\t\t\t<div class=\"e-con-inner\">\n\t\t\t\t<div class=\"elementor-element elementor-element-4f28278 elementor-widget elementor-widget-text-editor\" data-id=\"4f28278\" data-element_type=\"widget\" data-widget_type=\"text-editor.default\">\n\t\t\t\t<div class=\"elementor-widget-container\">\n\t\t\t\t\t\t\t\t\t<h3><strong>ACCESIBILIDAD<\/strong><\/h3><p>Las p\u00e1ginas del sitio web\u00a0www.larralarrau.com\u00a0han ido dise\u00f1adas y revisadas seg\u00fan las pautas definidas en el documento &lsquo;<a href=\"http:\/\/www.w3.org\/TR\/WAI-WEBCONTENT\/\">Web Content Accessibility Guidelines 1.0<\/a>&lsquo; (<a href=\"http:\/\/www.discapnet.es\/web_accesible\/wcag10\/WAI-WEBCONTENT-19990505_es.html\">Directrices de Accesibilidad al Contenido Web 1.0<\/a>), elaboradas por el grupo de trabajo\u00a0<a href=\"http:\/\/www.w3.org\/WAI\"><strong>WAI<\/strong><\/a><strong>\u00a0<\/strong>perteneciente al\u00a0<a href=\"http:\/\/www.w3.org\/\"><strong>W3C<\/strong><\/a><strong>\u00a0<\/strong>.<\/p><p>El objetivo de estas directrices es facilitar el acceso a la informaci\u00f3n ofrecida desde Internet a todos los ciudadanos. Entre las principales medidas que se han adoptado se encuentran las siguientes:<\/p><p><strong>Est\u00e1ndares<br \/><\/strong>El lenguaje utilizado para los contenidos y su estructura es\u00a0<strong>HTML 4.01 de Transici\u00f3n\u00a0<\/strong>, y para disponer los elementos y presentarlos de manera gr\u00e1fica se han utilizado Hojas de Estilos en Cascada (CSS). Todas las p\u00e1ginas se han validado como\u00a0<strong>HTML 4.01 de Transici\u00f3n y CSS 2.0.<\/strong><\/p><p><strong>Im\u00e1genes<br \/><\/strong>Todas las im\u00e1genes contienen una breve descripci\u00f3n mediante el atributo\u00a0<strong>alt<\/strong>.<\/p><p><strong>Enlaces<br \/><\/strong>Todos los enlaces contienen una descripci\u00f3n mediante el atributo\u00a0<strong>title<\/strong>.<\/p><p><strong>Tama\u00f1o del texto<br \/><\/strong>Las fuentes utilizadas tienen dimensiones relativas, lo que permite al usuario controlar su tama\u00f1o desde el navegador que est\u00e9 utilizando.<\/p><p><strong>Navegaci\u00f3n<br \/><\/strong>El sitio web facilita una navegaci\u00f3n coherente manteniendo la misma estructura en todas sus p\u00e1ginas.<br \/>Esta estructura se compone de:<\/p><ul><li style=\"list-style-type: none;\"><ul><li>Un men\u00fa con enlaces a las secciones principales del sitio: Espect\u00e1culos, Congresos y Eventos y Noticias.<\/li><li>Una barra horizontal de navegaci\u00f3n al pie de la p\u00e1gina, que incluye enlaces a Accesibilidad, Mapa Web y Texto Legal.<\/li><li>Una zona central en la que se muestran los contenidos propios del sitio web.<\/li><\/ul><\/li><\/ul><p><strong>Dise\u00f1o<br \/><\/strong>Este sitio web utiliza capas y hojas de estilo en cascada (CSS) para el dise\u00f1o visual de las p\u00e1ginas. De este modo, el contenido es independiente de la presentaci\u00f3n, y los usuarios que lo deseen pueden navegar por la informaci\u00f3n deshabilitando la descarga de hojas de estilos en su navegador.<\/p><p><strong>Nivel de accesibilidad<br \/><\/strong>El sitio www.larralarrau.com ha sido validado con las herramientas TAW y W3C Markup Validation Service (Servicio de Validaci\u00f3n del W3C).<\/p><p>El nivel de accesibilidad alcanzado es doble A (AA) con el cumplimiento de algunas normas triple A (AAA).<\/p><p>Los iconos que aparecen en la secci\u00f3n de accesibilidad de esta p\u00e1gina se utilizan para certificar que el dise\u00f1o del sitio web cumple los requerimientos de accesibilidad citados.<\/p><ul><li style=\"list-style-type: none;\"><ul><li>Conformidad con las especificaciones del 3WC para el lenguaje XHTML versi\u00f3n 1.0.<\/li><li>Conformidad con la sintaxis especificada por el 3WC para las hojas de estilo CSS 2.0.<\/li><li>Conformidad con las Directrices de Accesibilidad para el Contenido Web 1.0, con el nivel Doble A, seg\u00fan la WAI.<\/li><\/ul><\/li><\/ul><p>En caso de que alg\u00fan usuario encuentre durante la navegaci\u00f3n alg\u00fan problema relacionado con el acceso a los contenidos, o detecte el incumplimiento de alg\u00fan punto de verificaci\u00f3n de las Pautas de la WAI, rogamos lo comunique con la mayor brevedad a esta direcci\u00f3n de correo electr\u00f3nico:\u00a0<a href=\"mailto:info@larralarrau.com\" target=\"_blank\" rel=\"noopener\">info@larralarrau.com<\/a><\/p>\t\t\t\t\t\t\t\t<\/div>\n\t\t\t\t<\/div>\n\t\t\t\t\t<\/div>\n\t\t\t\t<\/div>\n\t\t<div class=\"elementor-element elementor-element-19712bbd e-flex e-con-boxed e-con e-child\" data-id=\"19712bbd\" data-element_type=\"container\">\n\t\t\t\t\t<div class=\"e-con-inner\">\n\t\t\t\t\t<\/div>\n\t\t\t\t<\/div>\n\t\t\t\t<\/div>\n\t\t\t\t<\/div>\n\t\t","protected":false},"excerpt":{"rendered":"<p>Accesibilidad ACCESIBILIDAD Las p\u00e1ginas del sitio web\u00a0www.larralarrau.com\u00a0han ido dise\u00f1adas y revisadas seg\u00fan las pautas definidas en el documento &lsquo;Web Content Accessibility Guidelines 1.0&lsquo; (Directrices de Accesibilidad al Contenido Web 1.0), elaboradas por el grupo de trabajo\u00a0WAI\u00a0perteneciente al\u00a0W3C\u00a0. El objetivo de estas directrices es facilitar el acceso a la informaci\u00f3n ofrecida desde Internet a todos los&hellip;<\/p>\n","protected":false},"author":1,"featured_media":0,"parent":0,"menu_order":44,"comment_status":"closed","ping_status":"closed","template":"elementor_header_footer","meta":{"_acf_changed":false,"footnotes":""},"class_list":["post-23111","page","type-page","status-publish","hentry"],"acf":[],"_links":{"self":[{"href":"https:\/\/larralarrau.com\/fr\/wp-json\/wp\/v2\/pages\/23111","targetHints":{"allow":["GET"]}}],"collection":[{"href":"https:\/\/larralarrau.com\/fr\/wp-json\/wp\/v2\/pages"}],"about":[{"href":"https:\/\/larralarrau.com\/fr\/wp-json\/wp\/v2\/types\/page"}],"author":[{"embeddable":true,"href":"https:\/\/larralarrau.com\/fr\/wp-json\/wp\/v2\/users\/1"}],"replies":[{"embeddable":true,"href":"https:\/\/larralarrau.com\/fr\/wp-json\/wp\/v2\/comments?post=23111"}],"version-history":[{"count":2,"href":"https:\/\/larralarrau.com\/fr\/wp-json\/wp\/v2\/pages\/23111\/revisions"}],"predecessor-version":[{"id":23113,"href":"https:\/\/larralarrau.com\/fr\/wp-json\/wp\/v2\/pages\/23111\/revisions\/23113"}],"wp:attachment":[{"href":"https:\/\/larralarrau.com\/fr\/wp-json\/wp\/v2\/media?parent=23111"}],"curies":[{"name":"wp","href":"https:\/\/api.w.org\/{rel}","templated":true}]}}